{"id":13946,"date":"2024-01-23T04:12:34","date_gmt":"2024-01-23T04:12:34","guid":{"rendered":"https:\/\/plate2000fab.com\/?page_id=13946"},"modified":"2026-01-28T21:43:51","modified_gmt":"2026-01-28T21:43:51","slug":"privacy-policy","status":"publish","type":"page","link":"https:\/\/plate2000fab.com\/fr\/privacy-policy\/","title":{"rendered":"Politique de confidentialit\u00e9"},"content":{"rendered":"\t\t<div data-elementor-type=\"wp-page\" data-elementor-id=\"13946\" class=\"elementor elementor-13946 elementor-3\" data-elementor-post-type=\"page\">\n\t\t\t\t<div class=\"elementor-element elementor-element-1109741d e-flex e-con-boxed e-con e-parent\" data-id=\"1109741d\" data-element_type=\"container\" data-e-type=\"container\">\n\t\t\t\t\t<div class=\"e-con-inner\">\n\t\t\t\t<div class=\"elementor-element elementor-element-5d1aac97 elementor-widget elementor-widget-text-editor\" data-id=\"5d1aac97\" data-element_type=\"widget\" data-e-type=\"widget\" data-widget_type=\"text-editor.default\">\n\t\t\t\t<div class=\"elementor-widget-container\">\n\t\t\t\t\t\t\t\t\t<h1>Politique de confidentialit\u00e9<\/h1><p>Plate 2000 Fabrication est une division de Plate 2000 inc.<\/p><p>Plate 2000 Inc. appr\u00e9cie l&#8217;int\u00e9r\u00eat que vous portez \u00e0 la soci\u00e9t\u00e9, \u00e0 ses services et \u00e0 ses produits. Nous vous encourageons vivement \u00e0 lire attentivement la pr\u00e9sente politique de confidentialit\u00e9 avant d&#8217;utiliser ce site Web et ses sous-sites, les applications ou nos produits et services (&#8221; le site &#8220;).  <\/p><p>La pr\u00e9sente politique de confidentialit\u00e9 pr\u00e9cise le type d&#8217;informations que Plate 2000 Inc. ou des tiers agissant au nom de Plate 2000 Inc. recueillent sur ce site, ainsi que les mesures prises pour prot\u00e9ger vos donn\u00e9es personnelles. Cette politique de protection de la vie priv\u00e9e peut \u00eatre modifi\u00e9e de temps \u00e0 autre ; nous vous invitons donc \u00e0 la consulter r\u00e9guli\u00e8rement. <\/p><p>La pr\u00e9sente politique de confidentialit\u00e9 d\u00e9crit les types d&#8217;informations que nous pouvons recueillir aupr\u00e8s de vous ou que vous pouvez fournir lorsque vous visitez notre site web, y compris les informations personnelles (telles que d\u00e9finies ci-dessous) et la divulgation de ces informations.<\/p><p>Plate 2000 Inc. exploite le site <a href=\"https:\/\/plate2000fab.com\/fr\/\">www.plate2000fab.com<\/a> pour fournir des services, notamment un catalogue, une brochure de nos diff\u00e9rents services de sous-traitance.<\/p><p>Plate 2000 Inc. s&#8217;engage \u00e0 prot\u00e9ger la vie priv\u00e9e des utilisateurs et \u00e0 r\u00e9pondre \u00e0 leurs \u00e9ventuelles pr\u00e9occupations en la mati\u00e8re. Les renseignements suivants ont \u00e9t\u00e9 affich\u00e9s pour vous aider, en tant que consommateur, \u00e0 comprendre quels renseignements personnels nous recueillons et comment ils sont utilis\u00e9s. <\/p><p><strong>Types d&#8217;informations priv\u00e9es collect\u00e9es<\/strong><\/p><p>Pour mieux r\u00e9pondre \u00e0 vos besoins, nous recueillons les types d&#8217;informations suivants lorsque vous visitez le <a href=\"https:\/\/plate2000fab.com\/fr\/\">site www.plate2000fab.com.<\/a><\/p><p><strong>Informations personnelles<\/strong><\/p><p>Nous recueillons les informations personnelles suivantes aupr\u00e8s de nos utilisateurs :<\/p><ul><li>Donn\u00e9es personnelles : pr\u00e9nom(s).<\/li><li>Informations d\u00e9mographiques : sexe ; date de naissance \/ \u00e2ge.<\/li><li>Coordonn\u00e9es : Titre du poste, nom de l&#8217;entreprise, adresse de correspondance, adresse de livraison, num\u00e9ro de t\u00e9l\u00e9phone, adresse \u00e9lectronique, d\u00e9tails de l&#8217;application de messagerie, d\u00e9tails de la messagerie en ligne et d\u00e9tails des m\u00e9dias sociaux.<\/li><li>Coordonn\u00e9es de l&#8217;employeur : lorsque vous postulez \u00e0 un emploi ou interagissez avec nous en votre qualit\u00e9 d&#8217;employ\u00e9 ou d&#8217;employ\u00e9 d&#8217;un tiers, le nom, l&#8217;adresse, le num\u00e9ro de t\u00e9l\u00e9phone et l&#8217;adresse \u00e9lectronique de votre employeur, dans la mesure o\u00f9 cela est pertinent.<\/li><li>Donn\u00e9es relatives \u00e0 nos sites web : type d&#8217;appareil ; syst\u00e8me d&#8217;exploitation ; type de navigateur ; param\u00e8tres du navigateur ; adresse IP ; param\u00e8tres linguistiques ; dates et heures de connexion \u00e0 un site web ; donn\u00e9es de localisation et autres informations techniques de communication (dont certaines peuvent constituer des informations personnelles) ; nom d&#8217;utilisateur ; mot de passe ; d\u00e9tails de connexion de s\u00e9curit\u00e9 ; donn\u00e9es d&#8217;utilisation ; informations statistiques globales.<\/li><li>Points de vue et opinions : tous les points de vue et opinions que vous choisissez de nous envoyer ou que vous publiez publiquement \u00e0 notre sujet sur les plateformes de m\u00e9dias sociaux.<\/li><li>Donn\u00e9es relatives au contenu et \u00e0 la publicit\u00e9 : enregistrements de vos interactions avec notre publicit\u00e9 et notre contenu en ligne, enregistrements de la publicit\u00e9 et du contenu affich\u00e9s sur les pages ou les \u00e9crans d&#8217;application qui vous sont pr\u00e9sent\u00e9s, et toute interaction que vous avez pu avoir avec ce contenu ou cette publicit\u00e9 (par exemple, survol de la souris, clics de souris, formulaires que vous remplissez en tout ou en partie) et toute interaction avec l&#8217;\u00e9cran tactile.<\/li><\/ul><p>Vous pouvez toujours choisir de fournir moins d&#8217;informations. Toutefois, l&#8217;omission de certaines de ces informations personnelles peut limiter votre capacit\u00e9 \u00e0 acc\u00e9der \u00e0 tous les avantages de notre site web et de nos services. Par exemple, nous ne serons pas en mesure de traiter des transactions sans informations de paiement et sans adresse de facturation, ou d&#8217;exp\u00e9dier des marchandises sans votre nom et votre adresse postale.  <\/p><p><strong>Informations collect\u00e9es automatiquement<\/strong><\/p><p>We automatically collect data on how our users visit <a href=\"https:\/\/plate2000fab.com\/fr\/\">www.plate2000fab.com<\/a> such as your IP address, location, browser, browser language, operating system, device identifiers, your precise geolocation data, and cookies.<\/p><p>Lorsque vous naviguez et interagissez avec notre site, nous pouvons utiliser des technologies de collecte automatique de donn\u00e9es pour recueillir certaines informations sur votre \u00e9quipement, vos actions de navigation et vos habitudes, y compris :<\/p><ul><li>Les d\u00e9tails de vos visites sur notre site (tels que les produits consult\u00e9s ou achet\u00e9s, les codes ou informations promotionnels), y compris les donn\u00e9es relatives au trafic, les donn\u00e9es de g\u00e9olocalisation et autres donn\u00e9es de communication, ainsi que les ressources auxquelles vous acc\u00e9dez et que vous utilisez sur le site, c&#8217;est-\u00e0-dire des fonctions telles que la recherche ou le service \u00e0 la client\u00e8le.<\/li><li>Des informations sur votre ordinateur et votre connexion internet, y compris votre adresse IP, votre syst\u00e8me d&#8217;exploitation et votre type de navigateur.<\/li><\/ul><p>Les informations que nous collectons automatiquement sont des donn\u00e9es statistiques mais peuvent inclure des informations personnelles ou nous pouvons les conserver ou les associer \u00e0 des informations personnelles que nous collectons par d&#8217;autres moyens ou Elles nous aident \u00e0 am\u00e9liorer notre site et \u00e0 fournir un service meilleur et plus personnalis\u00e9.<\/p><p><strong>Les technologies que nous utilisons pour cette collecte automatique de donn\u00e9es peuvent \u00eatre les suivantes :<\/strong><\/p><p>Notre site web utilise actuellement des cookies pour am\u00e9liorer sa fonctionnalit\u00e9. Vous pouvez d\u00e9sactiver les cookies dans votre navigateur web, mais cela peut limiter votre capacit\u00e9 \u00e0 acc\u00e9der \u00e0 <a href=\"https:\/\/plate2000fab.com\/fr\/\">www.plate2000fab.com<\/a>. <\/p><p><strong>Informations sur les m\u00e9dias sociaux<\/strong><\/p><p>Si vous avez li\u00e9 votre compte Plate 2000 Fabrication \u00e0 un compte de m\u00e9dia social, nous recueillons \u00e9galement les informations que les r\u00e9seaux de m\u00e9dia social nous fournissent. Selon le r\u00e9seau de m\u00e9dias sociaux, il peut s&#8217;agir de votre nom d&#8217;utilisateur, de votre nom, de votre adresse \u00e9lectronique, de votre liste d&#8217;amis, etc. En outre, nous recueillons des donn\u00e9es d\u00e9mographiques lorsque les utilisateurs interagissent avec les comptes de m\u00e9dias sociaux de Plate 2000 Fabrication.  <\/p><p>Politique relative \u00e0 la collecte d&#8217;informations personnelles sensibles Plate 2000 Inc. et Plate 2000 Fabrication ne recueillent aucune de vos informations personnelles sensibles, telles que votre num\u00e9ro de s\u00e9curit\u00e9 sociale, votre num\u00e9ro de permis de conduire, votre race, votre origine ethnique, votre religion, vos mesures de sant\u00e9, vos associations politiques, ou la mani\u00e8re dont les informations recueillies sont utilis\u00e9es.<\/p><p><strong>Politique en mati\u00e8re de collecte d&#8217;informations personnelles sensibles<\/strong><\/p><p>Nous n&#8217;utilisons vos informations personnelles que pour vous aider \u00e0 utiliser tout ce que Plate 2000 Inc. a \u00e0 offrir. Cela comprend : <\/p><ul><li>Les informations que vous fournissez en remplissant des formulaires sur notre site web. Il s&#8217;agit notamment des informations fournies au moment de l&#8217;achat, de l&#8217;enregistrement d&#8217;un produit, de la cr\u00e9ation d&#8217;un compte, de l&#8217;abonnement \u00e0 des notifications par courrier \u00e9lectronique ou \u00e0 des bulletins d&#8217;information, de la publication d&#8217;avis sur un produit ou de la demande d&#8217;assistance \u00e0 la client\u00e8le <\/li><li>vos r\u00e9ponses aux enqu\u00eates que nous pourrions vous demander de remplir \u00e0 des fins de recherche<\/li><li>Communiquer nos ventes et nos promotions.<\/li><li>Vos r\u00e9ponses aux concours, aux offres et aux comp\u00e9titions, y compris les photos et autres images.<\/li><li>vous contacter au sujet des mises \u00e0 jour des politiques de notre entreprise.<\/li><li>mettre \u00e0 votre disposition tous les services de Plate 2000 Inc. de mani\u00e8re pratique<\/li><li>Fournir des publicit\u00e9s pertinentes pour vous lorsque vous visitez le <a href=\"https:\/\/plate2000fab.com.\">site plate2000fab.com.<\/a><\/li><li>L&#8217;\u00e9valuation des analyses pour voir comment nos clients s&#8217;engagent avec <a href=\"https:\/\/plate2000fab.com.\">plate2000fab.com.<\/a><\/li><\/ul><p><strong><br>Dur\u00e9e de conservation des informations personnelles<\/strong><\/p><p>Nous pouvons conserver vos informations personnelles pendant une p\u00e9riode prolong\u00e9e, en fonction de l&#8217;usage que nous devons en faire. Par exemple, nous conserverons votre adresse \u00e9lectronique et votre nom dans nos dossiers pendant une p\u00e9riode de trois ans. En outre, nous pourrons \u00eatre amen\u00e9s \u00e0 conserver vos informations de facturation dans nos dossiers pendant une p\u00e9riode prolong\u00e9e afin de maintenir nos registres de transactions internes.<\/p><p><strong>Avec qui les informations sont-elles partag\u00e9es ?<\/strong><\/p><p>Nous pouvons partager vos informations avec des tiers, mais uniquement avec des soci\u00e9t\u00e9s affili\u00e9es que Plate 2000 Inc. a enti\u00e8rement contr\u00f4l\u00e9es et avec lesquelles elle a \u00e9tabli un partenariat.<\/p><p>Nous ne partagerons vos informations avec des soci\u00e9t\u00e9s affili\u00e9es que pour les raisons suivantes :<\/p><ul><li>Traitement des transactions<\/li><li>Ex\u00e9cution et livraison des commandes<\/li><li>Mesurer les performances en mati\u00e8re de marketing et de publicit\u00e9<\/li><li>Fournir un excellent service \u00e0 la client\u00e8le<\/li><li>Envoi de courriels et de messages textuels<\/li><\/ul><p><strong><br>S\u00e9curit\u00e9 de l&#8217;information<\/strong><\/p><p>Nous faisons de notre mieux pour assurer la s\u00e9curit\u00e9 de vos informations priv\u00e9es. La plupart de vos informations personnelles sont crypt\u00e9es et ne peuvent donc pas \u00eatre consult\u00e9es par des utilisateurs ext\u00e9rieurs. Vos donn\u00e9es sont stock\u00e9es en toute s\u00e9curit\u00e9 sur nos serveurs (ou ceux de nos fournisseurs) situ\u00e9s au Canada. Cependant, des fuites de donn\u00e9es et des attaques malveillantes se produisent. Veuillez comprendre que, bien que nous fassions de notre mieux pour prot\u00e9ger vos donn\u00e9es, la communication de vos informations personnelles se fait \u00e0 vos risques et p\u00e9rils.<\/p><p><b><span lang=\"EN-CA\">Vos droits<\/span><\/b><\/p><p>Vous avez le droit d&#8217;acc\u00e9der \u00e0 vos informations personnelles et de demander des corrections si elles sont inexactes. Vous pouvez, bien entendu, refuser de nous communiquer vos informations personnelles. Toutefois, le fait de ne pas nous fournir les informations pertinentes peut limiter votre capacit\u00e9 \u00e0 profiter pleinement de Plate 2000 Inc. et de toutes ses offres. N&#8217;oubliez pas que nous ne demandons que les informations personnelles qui peuvent nous aider \u00e0 fournir pleinement nos services \u00e0 nos clients.<\/p><p><b><span lang=\"EN-CA\">Responsable de la protection de la vie priv\u00e9e<\/span><\/b><\/p><p><span lang=\"EN-CA\">Si vous avez des questions sur la fa\u00e7on dont nous traitons vos renseignements personnels, ou si vous souhaitez mettre \u00e0 jour vos renseignements ou soulever une pr\u00e9occupation, veuillez nous contacter par courriel \u00e0 l&#8217;adresse suivante : <a href=\"mailto:lguillemette@plate2000.com\">lguillemette@plate2000.com<\/a> ou par t\u00e9l\u00e9phone au 418-885-0085, bureau : 136. <i>Le responsable de la protection des renseignements personnels communiquera avec vous dans les trente (30) jours suivant la r\u00e9ception de votre courriel.<\/i><\/span><\/p><p><strong>Questions compl\u00e9mentaires<\/strong><\/p><p>Si vous avez des questions concernant cette politique de confidentialit\u00e9, n&#8217;h\u00e9sitez pas \u00e0 nous contacter \u00e0 l&#8217;adresse <a href=\"mailto:privacy@plate2000.com\">privacy@plate2000.com.<\/a> Un repr\u00e9sentant de Plate 2000 Inc. r\u00e9pondra \u00e0 vos questions sur la politique de confidentialit\u00e9 dans les plus brefs d\u00e9lais.<\/p><p><strong>Mise \u00e0 jour de la politique<\/strong><\/p><p>Cette politique de confidentialit\u00e9 a \u00e9t\u00e9 mise \u00e0 jour pour la derni\u00e8re fois le 1er septembre 2023. If we adjust the privacy policy, we will email all account holders of this change and post the most recent update date here. Once posted, the new privacy policy shall be effective immediately.<\/p>\t\t\t\t\t\t\t\t<\/div>\n\t\t\t\t<\/div>\n\t\t\t\t\t<\/div>\n\t\t\t\t<\/div>\n\t\t\t\t<\/div>\n\t\t","protected":false},"excerpt":{"rendered":"<p>Politique de confidentialit\u00e9 Plate 2000 Fabrication est une division de Plate 2000 inc. Plate 2000 Inc. appr\u00e9cie l&#8217;int\u00e9r\u00eat que vous portez \u00e0 la soci\u00e9t\u00e9, \u00e0 ses services et \u00e0 ses produits. Nous vous encourageons vivement \u00e0 lire attentivement la pr\u00e9sente politique de confidentialit\u00e9 avant d&#8217;utiliser ce site Web et ses sous-sites, les applications ou nos [&hellip;]<\/p>\n","protected":false},"author":5,"featured_media":0,"parent":0,"menu_order":0,"comment_status":"closed","ping_status":"open","template":"","meta":{"om_disable_all_campaigns":false,"_monsterinsights_skip_tracking":false,"_monsterinsights_sitenote_active":false,"_monsterinsights_sitenote_note":"","_monsterinsights_sitenote_category":0,"footnotes":""},"class_list":["post-13946","page","type-page","status-publish","hentry"],"aioseo_notices":[],"_links":{"self":[{"href":"https:\/\/plate2000fab.com\/fr\/wp-json\/wp\/v2\/pages\/13946","targetHints":{"allow":["GET"]}}],"collection":[{"href":"https:\/\/plate2000fab.com\/fr\/wp-json\/wp\/v2\/pages"}],"about":[{"href":"https:\/\/plate2000fab.com\/fr\/wp-json\/wp\/v2\/types\/page"}],"author":[{"embeddable":true,"href":"https:\/\/plate2000fab.com\/fr\/wp-json\/wp\/v2\/users\/5"}],"replies":[{"embeddable":true,"href":"https:\/\/plate2000fab.com\/fr\/wp-json\/wp\/v2\/comments?post=13946"}],"version-history":[{"count":8,"href":"https:\/\/plate2000fab.com\/fr\/wp-json\/wp\/v2\/pages\/13946\/revisions"}],"predecessor-version":[{"id":16154,"href":"https:\/\/plate2000fab.com\/fr\/wp-json\/wp\/v2\/pages\/13946\/revisions\/16154"}],"wp:attachment":[{"href":"https:\/\/plate2000fab.com\/fr\/wp-json\/wp\/v2\/media?parent=13946"}],"curies":[{"name":"wp","href":"https:\/\/api.w.org\/{rel}","templated":true}]}}