{"id":13950,"date":"2020-12-14T08:09:48","date_gmt":"2020-12-14T08:09:48","guid":{"rendered":"https:\/\/plate2000fab.com\/quality\/"},"modified":"2024-03-29T00:40:36","modified_gmt":"2024-03-29T00:40:36","slug":"quality","status":"publish","type":"page","link":"https:\/\/plate2000fab.com\/fr\/quality\/","title":{"rendered":"Qualit\u00e9"},"content":{"rendered":"\t\t<div data-elementor-type=\"wp-page\" data-elementor-id=\"13950\" class=\"elementor elementor-13950 elementor-8987\" data-elementor-post-type=\"page\">\n\t\t\t\t<div class=\"elementor-element elementor-element-7f00c88 e-con-full e-flex e-con e-parent\" data-id=\"7f00c88\" data-element_type=\"container\" data-e-type=\"container\">\n\t\t<div class=\"elementor-element elementor-element-7f001bc e-flex e-con-boxed e-con e-child\" data-id=\"7f001bc\" data-element_type=\"container\" data-e-type=\"container\" data-settings=\"{&quot;background_background&quot;:&quot;classic&quot;}\">\n\t\t\t\t\t<div class=\"e-con-inner\">\n\t\t<div class=\"elementor-element elementor-element-aa86b46 e-flex e-con-boxed e-con e-child\" data-id=\"aa86b46\" data-element_type=\"container\" data-e-type=\"container\">\n\t\t\t\t\t<div class=\"e-con-inner\">\n\t\t\t\t<div class=\"elementor-element elementor-element-09a43fb elementor-widget elementor-widget-hub_fancy_heading\" data-id=\"09a43fb\" data-element_type=\"widget\" data-e-type=\"widget\" data-widget_type=\"hub_fancy_heading.default\">\n\t\t\t\t<div class=\"elementor-widget-container\">\n\t\t\t\t\t\n\t\t<div id=\"ld-fancy-heading-69f5cedddb381\" class=\"ld-fancy-heading pos-rel\">\n\t\t\t<h2 class=\"ld-fh-element d-inline-block pos-rel  elementor-heading-title lqd-highlight-classic lqd-highlight-grow-left h2\"  > Qualit\u00e9<\/h2>\t\t<\/div>\n\n\t\t\t\t\t\t<\/div>\n\t\t\t\t<\/div>\n\t\t\t\t<div class=\"elementor-element elementor-element-471aa1c elementor-widget-divider--view-line elementor-widget elementor-widget-divider\" data-id=\"471aa1c\" data-element_type=\"widget\" data-e-type=\"widget\" data-widget_type=\"divider.default\">\n\t\t\t\t<div class=\"elementor-widget-container\">\n\t\t\t\t\t\t\t<div class=\"elementor-divider\">\n\t\t\t<span class=\"elementor-divider-separator\">\n\t\t\t\t\t\t<\/span>\n\t\t<\/div>\n\t\t\t\t\t\t<\/div>\n\t\t\t\t<\/div>\n\t\t\t\t<div class=\"elementor-element elementor-element-a78623d elementor-widget-divider--view-line elementor-widget elementor-widget-divider\" data-id=\"a78623d\" data-element_type=\"widget\" data-e-type=\"widget\" data-widget_type=\"divider.default\">\n\t\t\t\t<div class=\"elementor-widget-container\">\n\t\t\t\t\t\t\t<div class=\"elementor-divider\">\n\t\t\t<span class=\"elementor-divider-separator\">\n\t\t\t\t\t\t<\/span>\n\t\t<\/div>\n\t\t\t\t\t\t<\/div>\n\t\t\t\t<\/div>\n\t\t\t\t\t<\/div>\n\t\t\t\t<\/div>\n\t\t\t\t\t<\/div>\n\t\t\t\t<\/div>\n\t\t\t\t<\/div>\n\t\t\t\t<section class=\"elementor-section elementor-top-section elementor-element elementor-element-3fc9ce6e elementor-section-boxed elementor-section-height-default elementor-section-height-default\" data-id=\"3fc9ce6e\" data-element_type=\"section\" data-e-type=\"section\">\n\t\t\t\t\t\t<div class=\"elementor-container elementor-column-gap-default\">\n\t\t\t\t\t<div class=\"elementor-column elementor-col-100 elementor-top-column elementor-element elementor-element-3605e91f\" data-id=\"3605e91f\" data-element_type=\"column\" data-e-type=\"column\">\n\t\t\t<div class=\"elementor-widget-wrap elementor-element-populated\">\n\t\t\t\t\t\t<section class=\"elementor-section elementor-inner-section elementor-element elementor-element-7bb205eb elementor-section-content-middle elementor-section-boxed elementor-section-height-default elementor-section-height-default\" data-id=\"7bb205eb\" data-element_type=\"section\" data-e-type=\"section\">\n\t\t\t\t\t\t<div class=\"elementor-container elementor-column-gap-default\">\n\t\t\t\t\t<div class=\"elementor-column elementor-col-50 elementor-inner-column elementor-element elementor-element-2bb0f0dd\" data-id=\"2bb0f0dd\" data-element_type=\"column\" data-e-type=\"column\">\n\t\t\t<div class=\"elementor-widget-wrap elementor-element-populated\">\n\t\t\t\t\t\t<div class=\"elementor-element elementor-element-1d9452ac elementor-widget elementor-widget-hub_fancy_heading\" data-id=\"1d9452ac\" data-element_type=\"widget\" data-e-type=\"widget\" data-widget_type=\"hub_fancy_heading.default\">\n\t\t\t\t<div class=\"elementor-widget-container\">\n\t\t\t\t\t\n\t\t<div id=\"ld-fancy-heading-69f5cedddbd34\" class=\"ld-fancy-heading pos-rel\">\n\t\t\t<h2 class=\"ld-fh-element d-inline-block pos-rel  elementor-heading-title lqd-highlight-classic lqd-highlight-grow-left h2\"  > Qualit\u00e9 in\u00e9gal\u00e9e dans tous les produits<\/h2>\t\t<\/div>\n\n\t\t\t\t\t\t<\/div>\n\t\t\t\t<\/div>\n\t\t\t\t<div class=\"elementor-element elementor-element-5dbc5d5f elementor-widget elementor-widget-hub_fancy_heading\" data-id=\"5dbc5d5f\" data-element_type=\"widget\" data-e-type=\"widget\" data-widget_type=\"hub_fancy_heading.default\">\n\t\t\t\t<div class=\"elementor-widget-container\">\n\t\t\t\t\t\n\t\t<div id=\"ld-fancy-heading-69f5cedddc47f\" class=\"ld-fancy-heading pos-rel\">\n\t\t\t<p class=\"ld-fh-element d-inline-block pos-rel  lqd-highlight-classic lqd-highlight-grow-left p\"  > <b>Plate 2000 Fabrication<\/b> travaille avec la rigueur et l'efficacit\u00e9 qui r\u00e9pondent aux normes ISO 9001-2015 et sait atteindre vos exigences les plus \u00e9lev\u00e9es.<\/p>\t\t<\/div>\n\n\t\t\t\t\t\t<\/div>\n\t\t\t\t<\/div>\n\t\t\t\t\t<\/div>\n\t\t<\/div>\n\t\t\t\t<div class=\"elementor-column elementor-col-50 elementor-inner-column elementor-element elementor-element-17c2bcbc\" data-id=\"17c2bcbc\" data-element_type=\"column\" data-e-type=\"column\">\n\t\t\t<div class=\"elementor-widget-wrap elementor-element-populated\">\n\t\t\t\t\t\t<div class=\"elementor-element elementor-element-43237158 elementor-widget__width-auto elementor-absolute elementor-widget elementor-widget-ld_fancy_image\" data-id=\"43237158\" data-element_type=\"widget\" data-e-type=\"widget\" data-settings=\"{&quot;_position&quot;:&quot;absolute&quot;}\" data-widget_type=\"ld_fancy_image.default\">\n\t\t\t\t<div class=\"elementor-widget-container\">\n\t\t\t\t\t\n\t\t<div class=\"lqd-imggrp-single d-block pos-rel \">\n\t\t\t<div class=\"lqd-imggrp-img-container d-inline-flex pos-rel align-items-center justify-content-center \">\n\t\t\t\t\t\t\t\t<figure class=\"w-100 pos-rel\">\n\t\t\t\t\t<img decoding=\"async\" width=\"119\" height=\"119\" src=\"https:\/\/plate2000fab.com\/wp-content\/uploads\/2024\/03\/asset-11.svg\" class=\"attachment-full size-full wp-image-13813\" alt=\"\" itemprop=\"image\" \/>\t\t\t\t\t\t\t\t\t\t\t\t\t\t\t\t\t\t\t\t\t\t\t\t\t\t\t\t\t<\/figure>\n\t\t\t<\/div>\n\t\t<\/div>\n\n\t\t\t\t\t<\/div>\n\t\t\t\t<\/div>\n\t\t\t\t<div class=\"elementor-element elementor-element-4a34c2c4 elementor-widget__width-auto elementor-widget elementor-widget-ld_button\" data-id=\"4a34c2c4\" data-element_type=\"widget\" data-e-type=\"widget\" data-widget_type=\"ld_button.default\">\n\t\t\t\t<div class=\"elementor-widget-container\">\n\t\t\t\t\t\n\t\t\t<a\n\t\t\t\thref=\"\/fr\/contact\"class=\"elementor-button btn btn-solid btn-hover-txt-liquid-y-alt btn-xlg btn-icon-shaped btn-has-label\"\t\t\t>\n\t\t\t\t\t\t\t\t\t<span data-text=\"Contactez-nous\" class=\"btn-txt\" data-transition-delay=\"true\" data-delay-options=\"{&quot;elements&quot;: &quot;.lqd-chars&quot;, &quot;delayType&quot;: &quot;animation&quot;, &quot;startDelay&quot;: 0, &quot;delayBetween&quot;: 32.5}\" data-split-text=\"true\" data-split-options=\"{&quot;type&quot;: &quot;chars, words&quot;}\">\n\t\t\t\t\t\tContactez-nous\t\t\t\t\t<\/span>\n\t\t\t\t\t\t\t\t\t\t\t<\/a>\n\t\t\t\t\t\t\t<\/div>\n\t\t\t\t<\/div>\n\t\t\t\t\t<\/div>\n\t\t<\/div>\n\t\t\t\t\t<\/div>\n\t\t<\/section>\n\t\t\t\t\t<\/div>\n\t\t<\/div>\n\t\t\t\t\t<\/div>\n\t\t<\/section>\n\t\t<div class=\"elementor-element elementor-element-4b1ab1d e-flex e-con-boxed e-con e-parent\" data-id=\"4b1ab1d\" data-element_type=\"container\" data-e-type=\"container\" data-settings=\"{&quot;background_background&quot;:&quot;classic&quot;}\">\n\t\t\t\t\t<div class=\"e-con-inner\">\n\t\t<div class=\"elementor-element elementor-element-628e722 e-flex e-con-boxed e-con e-child\" data-id=\"628e722\" data-element_type=\"container\" data-e-type=\"container\">\n\t\t\t\t\t<div class=\"e-con-inner\">\n\t\t\t\t<div class=\"elementor-element elementor-element-608910b elementor-widget elementor-widget-hub_fancy_heading\" data-id=\"608910b\" data-element_type=\"widget\" data-e-type=\"widget\" data-widget_type=\"hub_fancy_heading.default\">\n\t\t\t\t<div class=\"elementor-widget-container\">\n\t\t\t\t\t\n\t\t<div id=\"ld-fancy-heading-69f5cedddff54\" class=\"ld-fancy-heading pos-rel\">\n\t\t\t<h2 class=\"ld-fh-element d-inline-block pos-rel  elementor-heading-title lqd-highlight-classic lqd-highlight-grow-left h2\"  > Notre syst\u00e8me de qualit\u00e9 est certifi\u00e9 selon la norme ISO 9001:2015.\n<\/h2>\t\t<\/div>\n\n\t\t\t\t\t\t<\/div>\n\t\t\t\t<\/div>\n\t\t\t\t\t<\/div>\n\t\t\t\t<\/div>\n\t\t<div class=\"elementor-element elementor-element-b405bf7 e-flex e-con-boxed e-con e-child\" data-id=\"b405bf7\" data-element_type=\"container\" data-e-type=\"container\">\n\t\t\t\t\t<div class=\"e-con-inner\">\n\t\t\t\t<div class=\"elementor-element elementor-element-07464d1 elementor-widget elementor-widget-text-editor\" data-id=\"07464d1\" data-element_type=\"widget\" data-e-type=\"widget\" data-widget_type=\"text-editor.default\">\n\t\t\t\t<div class=\"elementor-widget-container\">\n\t\t\t\t\t\t\t\t\t<p>L\u2019\u00e9quipe qualit\u00e9, ne minimisent aucun effort afin de satisfaire vos exigences et vos projets les plus ambitieux.<\/p>\n<p>L\u2019entreprise a des objectifs clairs et s\u2019efforce<br \/>de les atteindre chaque jour.<\/p>\n\t\t\t\t\t\t\t\t<\/div>\n\t\t\t\t<\/div>\n\t\t\t\t\t<\/div>\n\t\t\t\t<\/div>\n\t\t\t\t\t<\/div>\n\t\t\t\t<\/div>\n\t\t<div class=\"elementor-element elementor-element-0edc6f1 e-flex e-con-boxed e-con e-parent\" data-id=\"0edc6f1\" data-element_type=\"container\" data-e-type=\"container\">\n\t\t\t\t\t<div class=\"e-con-inner\">\n\t\t<div data-custom-animations=\"true\" data-ca-options=\"{&quot;addChildTimelines&quot;:false,&quot;trigger&quot;:&quot;firstChild&quot;,&quot;animationTarget&quot;:&quot;:scope  &gt; .elementor-element:not(.lqd-exclude-parent-ca) &gt; .elementor-widget-container, :scope  &gt; .elementor-widget-hub_fancy_heading .lqd-split-lines .lqd-lines .split-inner, :scope  &gt; .elementor-widget-hub_fancy_heading .lqd-split-words .lqd-words .split-inner, :scope  &gt; .elementor-widget-hub_fancy_heading .lqd-split-chars .lqd-chars .split-inner, :scope  &gt; .elementor-widget-hub_fancy_heading .lqd-adv-txt-fig, :scope  &gt; .elementor-widget-ld_custom_menu .lqd-fancy-menu &gt; ul &gt; li, :scope .e-con:not([data-parallax]) .elementor-element &gt; .elementor-widget-container, :scope .e-con:not([data-parallax]) .elementor-widget-hub_fancy_heading .lqd-split-lines .lqd-lines .split-inner, :scope .e-con:not([data-parallax]) .elementor-widget-hub_fancy_heading .lqd-split-words .lqd-words .split-inner, :scope .e-con:not([data-parallax]) .elementor-widget-hub_fancy_heading .lqd-split-chars .lqd-chars .split-inner, :scope .e-con:not([data-parallax]) .elementor-widget-ld_custom_menu .lqd-fancy-menu &gt; ul &gt; li&quot;,&quot;ease&quot;:[&quot;power4.out&quot;],&quot;initValues&quot;:{&quot;y&quot;:&quot;30px&quot;,&quot;opacity&quot;:0,&quot;transformOrigin&quot;:&quot;50% 50% 0px&quot;},&quot;animations&quot;:{&quot;y&quot;:&quot;0px&quot;,&quot;opacity&quot;:1,&quot;transformOrigin&quot;:&quot;50% 50% 0px&quot;}}\" class=\"elementor-element elementor-element-1be7bf7 e-con-full e-flex e-con e-child\" data-id=\"1be7bf7\" data-element_type=\"container\" data-e-type=\"container\">\n\t\t\t\t<div class=\"elementor-element elementor-element-2b57484 elementor-widget elementor-widget-text-editor\" data-id=\"2b57484\" data-element_type=\"widget\" data-e-type=\"widget\" data-widget_type=\"text-editor.default\">\n\t\t\t\t<div class=\"elementor-widget-container\">\n\t\t\t\t\t\t\t\t\t<p><strong>Plate 2000 Fabrication<\/strong> assure \u00e0 ses clients que leurs produits seront fabriqu\u00e9s selon les normes les plus \u00e9lev\u00e9es, respectant voire d\u00e9passant les normes de l&#8217;industrie.<\/p>\n\t\t\t\t\t\t\t\t<\/div>\n\t\t\t\t<\/div>\n\t\t\t\t<div class=\"elementor-element elementor-element-d1d969d elementor-widget elementor-widget-text-editor\" data-id=\"d1d969d\" data-element_type=\"widget\" data-e-type=\"widget\" data-widget_type=\"text-editor.default\">\n\t\t\t\t<div class=\"elementor-widget-container\">\n\t\t\t\t\t\t\t\t\t<p>Le d\u00e9partement de soudure du <strong>Groupe P. Bolduc<\/strong> peut r\u00e9pondre aux projets les plus exigeants. Nos professionnels de la soudure sont accr\u00e9dit\u00e9s CWB.<\/p><p>Cette certification permet d\u2019am\u00e9liorer les comp\u00e9tences de nos soudeurs en suivant l\u2019\u00e9volution constante de la technologie du soudage ainsi qu\u2019\u00e0 la fiabilit\u00e9 de nos produits soud\u00e9s.<\/p><p>Les soudeurs et le superviseur respectent donc, par des proc\u00e9dures certifi\u00e9es, les modes op\u00e9ratoires de soudage approuv\u00e9s ce qui permet au <strong>Groupe P. Bolduc<\/strong> de pouvoir faire l\u2019assemblage et ainsi offrir un service cl\u00e9 en main pour vos projets les plus exigeants.<\/p>\t\t\t\t\t\t\t\t<\/div>\n\t\t\t\t<\/div>\n\t\t\t\t<div class=\"elementor-element elementor-element-1cfe654 elementor-widget elementor-widget-image\" data-id=\"1cfe654\" data-element_type=\"widget\" data-e-type=\"widget\" data-widget_type=\"image.default\">\n\t\t\t\t<div class=\"elementor-widget-container\">\n\t\t\t\t\t\t\t\t\t\t\t\t\t\t\t<img fetchpriority=\"high\" decoding=\"async\" width=\"2451\" height=\"2700\" src=\"data:image\/svg+xml;charset=utf-8,%3Csvg xmlns%3D&#039;http%3A%2F%2Fwww.w3.org%2F2000%2Fsvg&#039; viewBox%3D&#039;0 0 2451 2700&#039;%2F%3E\" class=\"attachment-full size-full wp-image-10801 ld-lazyload\" alt=\"\" data-src=\"https:\/\/plate2000fab.com\/wp-content\/uploads\/2024\/01\/CWB_logo_EN_noir.png\" data-srcset=\"https:\/\/plate2000fab.com\/wp-content\/uploads\/2024\/01\/CWB_logo_EN_noir.png 2451w, https:\/\/plate2000fab.com\/wp-content\/uploads\/2024\/01\/CWB_logo_EN_noir-272x300.png 272w, https:\/\/plate2000fab.com\/wp-content\/uploads\/2024\/01\/CWB_logo_EN_noir-930x1024.png 930w, https:\/\/plate2000fab.com\/wp-content\/uploads\/2024\/01\/CWB_logo_EN_noir-1394x1536.png 1394w, https:\/\/plate2000fab.com\/wp-content\/uploads\/2024\/01\/CWB_logo_EN_noir-1859x2048.png 1859w\" data-sizes=\"(max-width: 2451px) 100vw, 2451px\" data-aspect=\"0.90777777777778\" \/>\t\t\t\t\t\t\t\t\t\t\t\t\t\t\t<\/div>\n\t\t\t\t<\/div>\n\t\t\t\t<\/div>\n\t\t<div data-custom-animations=\"true\" data-ca-options=\"{&quot;addChildTimelines&quot;:false,&quot;trigger&quot;:&quot;firstChild&quot;,&quot;animationTarget&quot;:&quot;:scope  &gt; .elementor-element:not(.lqd-exclude-parent-ca) &gt; .elementor-widget-container, :scope  &gt; .elementor-widget-hub_fancy_heading .lqd-split-lines .lqd-lines .split-inner, :scope  &gt; .elementor-widget-hub_fancy_heading .lqd-split-words .lqd-words .split-inner, :scope  &gt; .elementor-widget-hub_fancy_heading .lqd-split-chars .lqd-chars .split-inner, :scope  &gt; .elementor-widget-hub_fancy_heading .lqd-adv-txt-fig, :scope  &gt; .elementor-widget-ld_custom_menu .lqd-fancy-menu &gt; ul &gt; li, :scope .e-con:not([data-parallax]) .elementor-element &gt; .elementor-widget-container, :scope .e-con:not([data-parallax]) .elementor-widget-hub_fancy_heading .lqd-split-lines .lqd-lines .split-inner, :scope .e-con:not([data-parallax]) .elementor-widget-hub_fancy_heading .lqd-split-words .lqd-words .split-inner, :scope .e-con:not([data-parallax]) .elementor-widget-hub_fancy_heading .lqd-split-chars .lqd-chars .split-inner, :scope .e-con:not([data-parallax]) .elementor-widget-ld_custom_menu .lqd-fancy-menu &gt; ul &gt; li&quot;,&quot;ease&quot;:[&quot;power4.out&quot;],&quot;initValues&quot;:{&quot;y&quot;:&quot;30px&quot;,&quot;transformOrigin&quot;:&quot;50% 50% 0px&quot;},&quot;animations&quot;:{&quot;y&quot;:&quot;0px&quot;,&quot;transformOrigin&quot;:&quot;50% 50% 0px&quot;}}\" class=\"elementor-element elementor-element-d370378 e-con-full e-flex e-con e-child\" data-id=\"d370378\" data-element_type=\"container\" data-e-type=\"container\" data-settings=\"{&quot;background_background&quot;:&quot;classic&quot;}\">\n\t\t\t\t<div class=\"elementor-element elementor-element-bc1eadf elementor-widget elementor-widget-image\" data-id=\"bc1eadf\" data-element_type=\"widget\" data-e-type=\"widget\" data-widget_type=\"image.default\">\n\t\t\t\t<div class=\"elementor-widget-container\">\n\t\t\t\t\t\t\t\t\t\t\t\t\t\t\t\t<a href=\"https:\/\/plate2000fab.com\/wp-content\/uploads\/2024\/03\/Soudage-p2k-Fab.jpg\" data-elementor-open-lightbox=\"yes\" data-elementor-lightbox-title=\"Soudage p2k Fab\" data-e-action-hash=\"#elementor-action%3Aaction%3Dlightbox%26settings%3DeyJpZCI6MTM4MTcsInVybCI6Imh0dHBzOlwvXC9wbGF0ZTIwMDBmYWIuY29tXC93cC1jb250ZW50XC91cGxvYWRzXC8yMDI0XC8wM1wvU291ZGFnZS1wMmstRmFiLndlYnAifQ%3D%3D\">\n\t\t\t\t\t\t\t<img decoding=\"async\" width=\"722\" height=\"1080\" src=\"data:image\/svg+xml;charset=utf-8,%3Csvg xmlns%3D&#039;http%3A%2F%2Fwww.w3.org%2F2000%2Fsvg&#039; viewBox%3D&#039;0 0 722 1080&#039;%2F%3E\" class=\"attachment-full size-full wp-image-13817 ld-lazyload\" alt=\"\" data-src=\"https:\/\/plate2000fab.com\/wp-content\/uploads\/2024\/03\/Soudage-p2k-Fab.webp\" data-srcset=\"https:\/\/plate2000fab.com\/wp-content\/uploads\/2024\/03\/Soudage-p2k-Fab.webp 722w, https:\/\/plate2000fab.com\/wp-content\/uploads\/2024\/03\/Soudage-p2k-Fab-201x300.webp 201w, https:\/\/plate2000fab.com\/wp-content\/uploads\/2024\/03\/Soudage-p2k-Fab-685x1024.webp 685w\" data-sizes=\"(max-width: 722px) 100vw, 722px\" data-aspect=\"0.66851851851852\" \/>\t\t\t\t\t\t\t\t<\/a>\n\t\t\t\t\t\t\t\t\t\t\t\t\t\t\t<\/div>\n\t\t\t\t<\/div>\n\t\t\t\t<\/div>\n\t\t\t\t\t<\/div>\n\t\t\t\t<\/div>\n\t\t<div class=\"elementor-element elementor-element-bc2409b e-flex e-con-boxed e-con e-parent\" data-id=\"bc2409b\" data-element_type=\"container\" data-e-type=\"container\" data-settings=\"{&quot;background_background&quot;:&quot;classic&quot;}\">\n\t\t\t\t\t<div class=\"e-con-inner\">\n\t\t<div data-custom-animations=\"true\" data-ca-options=\"{&quot;addChildTimelines&quot;:false,&quot;trigger&quot;:&quot;firstChild&quot;,&quot;animationTarget&quot;:&quot;:scope  &gt; .elementor-element:not(.lqd-exclude-parent-ca) &gt; .elementor-widget-container, :scope  &gt; .elementor-widget-hub_fancy_heading .lqd-split-lines .lqd-lines .split-inner, :scope  &gt; .elementor-widget-hub_fancy_heading .lqd-split-words .lqd-words .split-inner, :scope  &gt; .elementor-widget-hub_fancy_heading .lqd-split-chars .lqd-chars .split-inner, :scope  &gt; .elementor-widget-hub_fancy_heading .lqd-adv-txt-fig, :scope  &gt; .elementor-widget-ld_custom_menu .lqd-fancy-menu &gt; ul &gt; li, :scope .e-con:not([data-parallax]) .elementor-element &gt; .elementor-widget-container, :scope .e-con:not([data-parallax]) .elementor-widget-hub_fancy_heading .lqd-split-lines .lqd-lines .split-inner, :scope .e-con:not([data-parallax]) .elementor-widget-hub_fancy_heading .lqd-split-words .lqd-words .split-inner, :scope .e-con:not([data-parallax]) .elementor-widget-hub_fancy_heading .lqd-split-chars .lqd-chars .split-inner, :scope .e-con:not([data-parallax]) .elementor-widget-ld_custom_menu .lqd-fancy-menu &gt; ul &gt; li&quot;,&quot;ease&quot;:[&quot;power4.out&quot;],&quot;initValues&quot;:{&quot;y&quot;:&quot;30px&quot;,&quot;transformOrigin&quot;:&quot;50% 50% 0px&quot;},&quot;animations&quot;:{&quot;y&quot;:&quot;0px&quot;,&quot;transformOrigin&quot;:&quot;50% 50% 0px&quot;}}\" class=\"elementor-element elementor-element-21b6aea e-con-full e-flex e-con e-child\" data-id=\"21b6aea\" data-element_type=\"container\" data-e-type=\"container\" data-settings=\"{&quot;background_background&quot;:&quot;classic&quot;}\">\n\t\t\t\t<div class=\"elementor-element elementor-element-2a3922f elementor-widget elementor-widget-image\" data-id=\"2a3922f\" data-element_type=\"widget\" data-e-type=\"widget\" data-widget_type=\"image.default\">\n\t\t\t\t<div class=\"elementor-widget-container\">\n\t\t\t\t\t\t\t\t\t\t\t\t\t\t\t\t<a href=\"https:\/\/plate2000fab.com\/wp-content\/uploads\/2024\/03\/Buckets_Peinture1-p2k-Fab.jpg\" data-elementor-open-lightbox=\"yes\" data-elementor-lightbox-title=\"Buckets_Peinture1 p2k Fab\" data-e-action-hash=\"#elementor-action%3Aaction%3Dlightbox%26settings%3DeyJpZCI6MTM4MTUsInVybCI6Imh0dHBzOlwvXC9wbGF0ZTIwMDBmYWIuY29tXC93cC1jb250ZW50XC91cGxvYWRzXC8yMDI0XC8wM1wvQnVja2V0c19QZWludHVyZTEtcDJrLUZhYi53ZWJwIn0%3D\">\n\t\t\t\t\t\t\t<img loading=\"lazy\" decoding=\"async\" width=\"720\" height=\"1080\" src=\"data:image\/svg+xml;charset=utf-8,%3Csvg xmlns%3D&#039;http%3A%2F%2Fwww.w3.org%2F2000%2Fsvg&#039; viewBox%3D&#039;0 0 720 1080&#039;%2F%3E\" class=\"attachment-full size-full wp-image-13815 ld-lazyload\" alt=\"\" data-src=\"https:\/\/plate2000fab.com\/wp-content\/uploads\/2024\/03\/Buckets_Peinture1-p2k-Fab.webp\" data-srcset=\"https:\/\/plate2000fab.com\/wp-content\/uploads\/2024\/03\/Buckets_Peinture1-p2k-Fab.webp 720w, https:\/\/plate2000fab.com\/wp-content\/uploads\/2024\/03\/Buckets_Peinture1-p2k-Fab-200x300.webp 200w, https:\/\/plate2000fab.com\/wp-content\/uploads\/2024\/03\/Buckets_Peinture1-p2k-Fab-683x1024.webp 683w\" data-sizes=\"(max-width: 720px) 100vw, 720px\" data-aspect=\"0.66666666666667\" \/>\t\t\t\t\t\t\t\t<\/a>\n\t\t\t\t\t\t\t\t\t\t\t\t\t\t\t<\/div>\n\t\t\t\t<\/div>\n\t\t\t\t<\/div>\n\t\t<div class=\"elementor-element elementor-element-1a7c750 e-con-full e-flex e-con e-child\" data-id=\"1a7c750\" data-element_type=\"container\" data-e-type=\"container\" data-settings=\"{&quot;background_background&quot;:&quot;classic&quot;}\">\n\t\t\t\t<div class=\"elementor-element elementor-element-1d24bf3 elementor-widget__width-initial elementor-widget elementor-widget-text-editor\" data-id=\"1d24bf3\" data-element_type=\"widget\" data-e-type=\"widget\" data-widget_type=\"text-editor.default\">\n\t\t\t\t<div class=\"elementor-widget-container\">\n\t\t\t\t\t\t\t\t\t<p>Chez <strong>Groupe P. Bolduc<\/strong>, nous cherchons \u00e0 faire une diff\u00e9rence dans la vie de nos clients. Notre engagement \u00e0 fournir des produits et des services de qualit\u00e9 s\u2019appuie sur la certification ISO 9001 : 2015, un syst\u00e8me de gestion de la qualit\u00e9 reconnu \u00e0 l\u2019\u00e9chelle internationale.<\/p><p>Au cours du processus de certification ISO 9001 : 2015, nous avons d\u00e9montr\u00e9 que nous respectons des normes rigoureuses de qualit\u00e9 en mati\u00e8re de produit, de prestation des services et d\u2019am\u00e9lioration continue de la fa\u00e7on dont nous prenons soin des besoins de nos clients.<\/p><p>La certification ISO 9001 : 2015 atteste \u00e9galement que nous avons des processus bien \u00e9tablis qui guident notre fa\u00e7on d\u2019interagir et de g\u00e9rer nos activit\u00e9s quotidiennes. Ces processus nous aident \u00e0 garder nos clients satisfaits et \u00e0 les faire passer au premier plan dans tout ce que nous faisons.<\/p>\t\t\t\t\t\t\t\t<\/div>\n\t\t\t\t<\/div>\n\t\t\t\t<div class=\"elementor-element elementor-element-cf322ac elementor-widget elementor-widget-image\" data-id=\"cf322ac\" data-element_type=\"widget\" data-e-type=\"widget\" data-widget_type=\"image.default\">\n\t\t\t\t<div class=\"elementor-widget-container\">\n\t\t\t\t\t\t\t\t\t\t\t\t\t\t\t<img loading=\"lazy\" decoding=\"async\" width=\"855\" height=\"450\" src=\"data:image\/svg+xml;charset=utf-8,%3Csvg xmlns%3D&#039;http%3A%2F%2Fwww.w3.org%2F2000%2Fsvg&#039; viewBox%3D&#039;0 0 855 450&#039;%2F%3E\" class=\"attachment-full size-full wp-image-13839 ld-lazyload\" alt=\"\" data-src=\"https:\/\/plate2000fab.com\/wp-content\/uploads\/2024\/03\/BNQ_LogoCS_ISO9001-AN_RGB.png\" data-srcset=\"https:\/\/plate2000fab.com\/wp-content\/uploads\/2024\/03\/BNQ_LogoCS_ISO9001-AN_RGB.png 855w, https:\/\/plate2000fab.com\/wp-content\/uploads\/2024\/03\/BNQ_LogoCS_ISO9001-AN_RGB-300x158.webp 300w\" data-sizes=\"(max-width: 855px) 100vw, 855px\" data-aspect=\"1.9\" \/>\t\t\t\t\t\t\t\t\t\t\t\t\t\t\t<\/div>\n\t\t\t\t<\/div>\n\t\t\t\t<\/div>\n\t\t\t\t\t<\/div>\n\t\t\t\t<\/div>\n\t\t\t\t<\/div>\n\t\t","protected":false},"excerpt":{"rendered":"<p>Qualit\u00e9 Qualit\u00e9 in\u00e9gal\u00e9e dans tous les produits Plate 2000 Fabrication travaille avec la rigueur et l&#8217;efficacit\u00e9 qui r\u00e9pondent aux normes ISO 9001-2015 et sait atteindre vos exigences les plus \u00e9lev\u00e9es. Contactez-nous Notre syst\u00e8me de qualit\u00e9 est certifi\u00e9 selon la norme ISO 9001:2015. L\u2019\u00e9quipe qualit\u00e9, ne minimisent aucun effort afin de satisfaire vos exigences et vos [&hellip;]<\/p>\n","protected":false},"author":5,"featured_media":0,"parent":0,"menu_order":0,"comment_status":"closed","ping_status":"closed","template":"","meta":{"om_disable_all_campaigns":false,"_monsterinsights_skip_tracking":false,"_monsterinsights_sitenote_active":false,"_monsterinsights_sitenote_note":"","_monsterinsights_sitenote_category":0,"footnotes":""},"class_list":["post-13950","page","type-page","status-publish","hentry"],"aioseo_notices":[],"_links":{"self":[{"href":"https:\/\/plate2000fab.com\/fr\/wp-json\/wp\/v2\/pages\/13950","targetHints":{"allow":["GET"]}}],"collection":[{"href":"https:\/\/plate2000fab.com\/fr\/wp-json\/wp\/v2\/pages"}],"about":[{"href":"https:\/\/plate2000fab.com\/fr\/wp-json\/wp\/v2\/types\/page"}],"author":[{"embeddable":true,"href":"https:\/\/plate2000fab.com\/fr\/wp-json\/wp\/v2\/users\/5"}],"replies":[{"embeddable":true,"href":"https:\/\/plate2000fab.com\/fr\/wp-json\/wp\/v2\/comments?post=13950"}],"version-history":[{"count":0,"href":"https:\/\/plate2000fab.com\/fr\/wp-json\/wp\/v2\/pages\/13950\/revisions"}],"wp:attachment":[{"href":"https:\/\/plate2000fab.com\/fr\/wp-json\/wp\/v2\/media?parent=13950"}],"curies":[{"name":"wp","href":"https:\/\/api.w.org\/{rel}","templated":true}]}}